{"id":40,"date":"2025-01-06T18:24:09","date_gmt":"2025-01-06T17:24:09","guid":{"rendered":"https:\/\/meubleiledelareunion.fr\/?page_id=40"},"modified":"2025-01-11T09:55:53","modified_gmt":"2025-01-11T08:55:53","slug":"mafate","status":"publish","type":"page","link":"https:\/\/meubleiledelareunion.fr\/index.php\/mafate\/","title":{"rendered":"Mafate"},"content":{"rendered":"\n<p>Tarifs de janvier \u00e0 mai et de septembre \u00e0 d\u00e9cembre :\u00a0<strong>400\u20ac\/semaine<\/strong><\/p>\n\n\n\n<p>Tarifs de juin \u00e0 aout :\u00a0<strong>380\u20ac\/semaine<\/strong><\/p>\n\n\n\n<div id=\"envira-gallery-wrap-72\" class=\"envira-gallery-wrap envira-gallery-theme-base envira-lightbox-theme-base\" itemscope itemtype=\"https:\/\/schema.org\/ImageGallery\"><div data-row-height=\"150\" data-gallery-theme=\"normal\" id=\"envira-gallery-72\" class=\"envira-gallery-public envira-gallery-justified-public envira-gallery-0-columns envira-clear enviratope envira-gallery-css-animations\" data-envira-columns=\"0\"><div id=\"envira-gallery-item-73\" class=\"envira-gallery-item enviratope-item envira-gallery-item-1 envira-lazy-load\" style=\"padding-left: 5px; padding-bottom: 10px; padding-right: 5px;\"  itemscope itemtype=\"https:\/\/schema.org\/ImageObject\"><div class=\"envira-gallery-item-inner\"><div class=\"envira-gallery-position-overlay  envira-gallery-top-left\"><\/div><div class=\"envira-gallery-position-overlay  envira-gallery-top-right\"><\/div><div class=\"envira-gallery-position-overlay  envira-gallery-bottom-left\"><\/div><div class=\"envira-gallery-position-overlay  envira-gallery-bottom-right\"><\/div><a href=\"https:\/\/meubleiledelareunion.fr\/wp-content\/uploads\/2025\/01\/IMG-20250106-WA0003.jpg\" class=\"envira-gallery-72 envira-gallery-link\" rel=\"enviragallery72\" title=\"IMG-20250106-WA0003\" data-envira-caption=\"IMG-20250106-WA0003\" data-envira-retina=\"\" data-thumbnail=\"\"  itemprop=\"contentUrl\"><img decoding=\"async\" id=\"envira-gallery-image-73\" class=\"envira-gallery-image envira-gallery-image-1 envira-normal envira-lazy\" data-envira-index=\"1\" src=\"https:\/\/meubleiledelareunion.fr\/wp-content\/uploads\/2025\/01\/IMG-20250106-WA0003-768x1024-640x480.jpg\" data-envira-src=\"https:\/\/meubleiledelareunion.fr\/wp-content\/uploads\/2025\/01\/IMG-20250106-WA0003-768x1024-640x480.jpg\" data-envira-gallery-id=\"72\" data-envira-item-id=\"73\" data-envira-caption=\"IMG-20250106-WA0003\" alt=\"\" title=\"IMG-20250106-WA0003\"  itemprop=\"thumbnailUrl\" data-envira-srcset=\"https:\/\/meubleiledelareunion.fr\/wp-content\/uploads\/2025\/01\/IMG-20250106-WA0003-768x1024-640x480.jpg 400w,https:\/\/meubleiledelareunion.fr\/wp-content\/uploads\/2025\/01\/IMG-20250106-WA0003-768x1024-640x480.jpg 2x\" data-envira-width=\"225\" data-envira-height=\"300\" srcset=\"data:image\/gif;base64,R0lGODlhAQABAIAAAP\/\/\/\/\/\/\/yH5BAEKAAEALAAAAAABAAEAAAICTAEAOw==\" data-safe-src=\"data:image\/gif;base64,R0lGODlhAQABAIAAAP\/\/\/\/\/\/\/yH5BAEKAAEALAAAAAABAAEAAAICTAEAOw==\" \/><\/a><\/div><\/div><div id=\"envira-gallery-item-74\" class=\"envira-gallery-item enviratope-item envira-gallery-item-2 envira-lazy-load\" style=\"padding-left: 5px; padding-bottom: 10px; padding-right: 5px;\"  itemscope itemtype=\"https:\/\/schema.org\/ImageObject\"><div class=\"envira-gallery-item-inner\"><div class=\"envira-gallery-position-overlay  envira-gallery-top-left\"><\/div><div class=\"envira-gallery-position-overlay  envira-gallery-top-right\"><\/div><div class=\"envira-gallery-position-overlay  envira-gallery-bottom-left\"><\/div><div class=\"envira-gallery-position-overlay  envira-gallery-bottom-right\"><\/div><a href=\"https:\/\/meubleiledelareunion.fr\/wp-content\/uploads\/2025\/01\/IMG-20250106-WA0004.jpg\" class=\"envira-gallery-72 envira-gallery-link\" rel=\"enviragallery72\" title=\"IMG-20250106-WA0004\" data-envira-caption=\"IMG-20250106-WA0004\" data-envira-retina=\"\" data-thumbnail=\"\"  itemprop=\"contentUrl\"><img decoding=\"async\" id=\"envira-gallery-image-74\" class=\"envira-gallery-image envira-gallery-image-2 envira-normal envira-lazy\" data-envira-index=\"2\" src=\"https:\/\/meubleiledelareunion.fr\/wp-content\/uploads\/2025\/01\/IMG-20250106-WA0004-768x1024-640x480.jpg\" data-envira-src=\"https:\/\/meubleiledelareunion.fr\/wp-content\/uploads\/2025\/01\/IMG-20250106-WA0004-768x1024-640x480.jpg\" data-envira-gallery-id=\"72\" data-envira-item-id=\"74\" data-envira-caption=\"IMG-20250106-WA0004\" alt=\"\" title=\"IMG-20250106-WA0004\"  itemprop=\"thumbnailUrl\" data-envira-srcset=\"https:\/\/meubleiledelareunion.fr\/wp-content\/uploads\/2025\/01\/IMG-20250106-WA0004-768x1024-640x480.jpg 400w,https:\/\/meubleiledelareunion.fr\/wp-content\/uploads\/2025\/01\/IMG-20250106-WA0004-768x1024-640x480.jpg 2x\" data-envira-width=\"225\" data-envira-height=\"300\" srcset=\"data:image\/gif;base64,R0lGODlhAQABAIAAAP\/\/\/\/\/\/\/yH5BAEKAAEALAAAAAABAAEAAAICTAEAOw==\" data-safe-src=\"data:image\/gif;base64,R0lGODlhAQABAIAAAP\/\/\/\/\/\/\/yH5BAEKAAEALAAAAAABAAEAAAICTAEAOw==\" \/><\/a><\/div><\/div><div id=\"envira-gallery-item-75\" class=\"envira-gallery-item enviratope-item envira-gallery-item-3 envira-lazy-load\" style=\"padding-left: 5px; padding-bottom: 10px; padding-right: 5px;\"  itemscope itemtype=\"https:\/\/schema.org\/ImageObject\"><div class=\"envira-gallery-item-inner\"><div class=\"envira-gallery-position-overlay  envira-gallery-top-left\"><\/div><div class=\"envira-gallery-position-overlay  envira-gallery-top-right\"><\/div><div class=\"envira-gallery-position-overlay  envira-gallery-bottom-left\"><\/div><div class=\"envira-gallery-position-overlay  envira-gallery-bottom-right\"><\/div><a href=\"https:\/\/meubleiledelareunion.fr\/wp-content\/uploads\/2025\/01\/IMG-20250106-WA0005.jpg\" class=\"envira-gallery-72 envira-gallery-link\" rel=\"enviragallery72\" title=\"IMG-20250106-WA0005\" data-envira-caption=\"IMG-20250106-WA0005\" data-envira-retina=\"\" data-thumbnail=\"\"  itemprop=\"contentUrl\"><img decoding=\"async\" id=\"envira-gallery-image-75\" class=\"envira-gallery-image envira-gallery-image-3 envira-normal envira-lazy\" data-envira-index=\"3\" src=\"https:\/\/meubleiledelareunion.fr\/wp-content\/uploads\/2025\/01\/IMG-20250106-WA0005-768x1024-640x480.jpg\" data-envira-src=\"https:\/\/meubleiledelareunion.fr\/wp-content\/uploads\/2025\/01\/IMG-20250106-WA0005-768x1024-640x480.jpg\" data-envira-gallery-id=\"72\" data-envira-item-id=\"75\" data-envira-caption=\"IMG-20250106-WA0005\" alt=\"\" title=\"IMG-20250106-WA0005\"  itemprop=\"thumbnailUrl\" data-envira-srcset=\"https:\/\/meubleiledelareunion.fr\/wp-content\/uploads\/2025\/01\/IMG-20250106-WA0005-768x1024-640x480.jpg 400w,https:\/\/meubleiledelareunion.fr\/wp-content\/uploads\/2025\/01\/IMG-20250106-WA0005-768x1024-640x480.jpg 2x\" data-envira-width=\"225\" data-envira-height=\"300\" srcset=\"data:image\/gif;base64,R0lGODlhAQABAIAAAP\/\/\/\/\/\/\/yH5BAEKAAEALAAAAAABAAEAAAICTAEAOw==\" data-safe-src=\"data:image\/gif;base64,R0lGODlhAQABAIAAAP\/\/\/\/\/\/\/yH5BAEKAAEALAAAAAABAAEAAAICTAEAOw==\" \/><\/a><\/div><\/div><div id=\"envira-gallery-item-76\" class=\"envira-gallery-item enviratope-item envira-gallery-item-4 envira-lazy-load\" style=\"padding-left: 5px; padding-bottom: 10px; padding-right: 5px;\"  itemscope itemtype=\"https:\/\/schema.org\/ImageObject\"><div class=\"envira-gallery-item-inner\"><div class=\"envira-gallery-position-overlay  envira-gallery-top-left\"><\/div><div class=\"envira-gallery-position-overlay  envira-gallery-top-right\"><\/div><div class=\"envira-gallery-position-overlay  envira-gallery-bottom-left\"><\/div><div class=\"envira-gallery-position-overlay  envira-gallery-bottom-right\"><\/div><a href=\"https:\/\/meubleiledelareunion.fr\/wp-content\/uploads\/2025\/01\/IMG-20250106-WA0006.jpg\" class=\"envira-gallery-72 envira-gallery-link\" rel=\"enviragallery72\" title=\"IMG-20250106-WA0006\" data-envira-caption=\"IMG-20250106-WA0006\" data-envira-retina=\"\" data-thumbnail=\"\"  itemprop=\"contentUrl\"><img decoding=\"async\" id=\"envira-gallery-image-76\" class=\"envira-gallery-image envira-gallery-image-4 envira-normal envira-lazy\" data-envira-index=\"4\" src=\"https:\/\/meubleiledelareunion.fr\/wp-content\/uploads\/2025\/01\/IMG-20250106-WA0006-768x1024-640x480.jpg\" data-envira-src=\"https:\/\/meubleiledelareunion.fr\/wp-content\/uploads\/2025\/01\/IMG-20250106-WA0006-768x1024-640x480.jpg\" data-envira-gallery-id=\"72\" data-envira-item-id=\"76\" data-envira-caption=\"IMG-20250106-WA0006\" alt=\"\" title=\"IMG-20250106-WA0006\"  itemprop=\"thumbnailUrl\" data-envira-srcset=\"https:\/\/meubleiledelareunion.fr\/wp-content\/uploads\/2025\/01\/IMG-20250106-WA0006-768x1024-640x480.jpg 400w,https:\/\/meubleiledelareunion.fr\/wp-content\/uploads\/2025\/01\/IMG-20250106-WA0006-768x1024-640x480.jpg 2x\" data-envira-width=\"225\" data-envira-height=\"300\" srcset=\"data:image\/gif;base64,R0lGODlhAQABAIAAAP\/\/\/\/\/\/\/yH5BAEKAAEALAAAAAABAAEAAAICTAEAOw==\" data-safe-src=\"data:image\/gif;base64,R0lGODlhAQABAIAAAP\/\/\/\/\/\/\/yH5BAEKAAEALAAAAAABAAEAAAICTAEAOw==\" \/><\/a><\/div><\/div><div id=\"envira-gallery-item-77\" class=\"envira-gallery-item enviratope-item envira-gallery-item-5 envira-lazy-load\" style=\"padding-left: 5px; padding-bottom: 10px; padding-right: 5px;\"  itemscope itemtype=\"https:\/\/schema.org\/ImageObject\"><div class=\"envira-gallery-item-inner\"><div class=\"envira-gallery-position-overlay  envira-gallery-top-left\"><\/div><div class=\"envira-gallery-position-overlay  envira-gallery-top-right\"><\/div><div class=\"envira-gallery-position-overlay  envira-gallery-bottom-left\"><\/div><div class=\"envira-gallery-position-overlay  envira-gallery-bottom-right\"><\/div><a href=\"https:\/\/meubleiledelareunion.fr\/wp-content\/uploads\/2025\/01\/IMG-20250106-WA0007.jpg\" class=\"envira-gallery-72 envira-gallery-link\" rel=\"enviragallery72\" title=\"IMG-20250106-WA0007\" data-envira-caption=\"IMG-20250106-WA0007\" data-envira-retina=\"\" data-thumbnail=\"\"  itemprop=\"contentUrl\"><img decoding=\"async\" id=\"envira-gallery-image-77\" class=\"envira-gallery-image envira-gallery-image-5 envira-normal envira-lazy\" data-envira-index=\"5\" src=\"https:\/\/meubleiledelareunion.fr\/wp-content\/uploads\/2025\/01\/IMG-20250106-WA0007-768x1024-640x480.jpg\" data-envira-src=\"https:\/\/meubleiledelareunion.fr\/wp-content\/uploads\/2025\/01\/IMG-20250106-WA0007-768x1024-640x480.jpg\" data-envira-gallery-id=\"72\" data-envira-item-id=\"77\" data-envira-caption=\"IMG-20250106-WA0007\" alt=\"\" title=\"IMG-20250106-WA0007\"  itemprop=\"thumbnailUrl\" data-envira-srcset=\"https:\/\/meubleiledelareunion.fr\/wp-content\/uploads\/2025\/01\/IMG-20250106-WA0007-768x1024-640x480.jpg 400w,https:\/\/meubleiledelareunion.fr\/wp-content\/uploads\/2025\/01\/IMG-20250106-WA0007-768x1024-640x480.jpg 2x\" data-envira-width=\"225\" data-envira-height=\"300\" srcset=\"data:image\/gif;base64,R0lGODlhAQABAIAAAP\/\/\/\/\/\/\/yH5BAEKAAEALAAAAAABAAEAAAICTAEAOw==\" data-safe-src=\"data:image\/gif;base64,R0lGODlhAQABAIAAAP\/\/\/\/\/\/\/yH5BAEKAAEALAAAAAABAAEAAAICTAEAOw==\" \/><\/a><\/div><\/div><div id=\"envira-gallery-item-78\" class=\"envira-gallery-item enviratope-item envira-gallery-item-6 envira-lazy-load\" style=\"padding-left: 5px; padding-bottom: 10px; padding-right: 5px;\"  itemscope itemtype=\"https:\/\/schema.org\/ImageObject\"><div class=\"envira-gallery-item-inner\"><div class=\"envira-gallery-position-overlay  envira-gallery-top-left\"><\/div><div class=\"envira-gallery-position-overlay  envira-gallery-top-right\"><\/div><div class=\"envira-gallery-position-overlay  envira-gallery-bottom-left\"><\/div><div class=\"envira-gallery-position-overlay  envira-gallery-bottom-right\"><\/div><a href=\"https:\/\/meubleiledelareunion.fr\/wp-content\/uploads\/2025\/01\/IMG-20250106-WA0008.jpg\" class=\"envira-gallery-72 envira-gallery-link\" rel=\"enviragallery72\" title=\"IMG-20250106-WA0008\" data-envira-caption=\"IMG-20250106-WA0008\" data-envira-retina=\"\" data-thumbnail=\"\"  itemprop=\"contentUrl\"><img decoding=\"async\" id=\"envira-gallery-image-78\" class=\"envira-gallery-image envira-gallery-image-6 envira-normal envira-lazy\" data-envira-index=\"6\" src=\"https:\/\/meubleiledelareunion.fr\/wp-content\/uploads\/2025\/01\/IMG-20250106-WA0008-768x1024-640x480.jpg\" data-envira-src=\"https:\/\/meubleiledelareunion.fr\/wp-content\/uploads\/2025\/01\/IMG-20250106-WA0008-768x1024-640x480.jpg\" data-envira-gallery-id=\"72\" data-envira-item-id=\"78\" data-envira-caption=\"IMG-20250106-WA0008\" alt=\"\" title=\"IMG-20250106-WA0008\"  itemprop=\"thumbnailUrl\" data-envira-srcset=\"https:\/\/meubleiledelareunion.fr\/wp-content\/uploads\/2025\/01\/IMG-20250106-WA0008-768x1024-640x480.jpg 400w,https:\/\/meubleiledelareunion.fr\/wp-content\/uploads\/2025\/01\/IMG-20250106-WA0008-768x1024-640x480.jpg 2x\" data-envira-width=\"225\" data-envira-height=\"300\" srcset=\"data:image\/gif;base64,R0lGODlhAQABAIAAAP\/\/\/\/\/\/\/yH5BAEKAAEALAAAAAABAAEAAAICTAEAOw==\" data-safe-src=\"data:image\/gif;base64,R0lGODlhAQABAIAAAP\/\/\/\/\/\/\/yH5BAEKAAEALAAAAAABAAEAAAICTAEAOw==\" \/><\/a><\/div><\/div><\/div><\/div><noscript><img decoding=\"async\" src=\"https:\/\/meubleiledelareunion.fr\/wp-content\/uploads\/2025\/01\/IMG-20250106-WA0003.jpg\" alt=\"\" \/><img decoding=\"async\" src=\"https:\/\/meubleiledelareunion.fr\/wp-content\/uploads\/2025\/01\/IMG-20250106-WA0004.jpg\" alt=\"\" \/><img decoding=\"async\" src=\"https:\/\/meubleiledelareunion.fr\/wp-content\/uploads\/2025\/01\/IMG-20250106-WA0005.jpg\" alt=\"\" \/><img decoding=\"async\" src=\"https:\/\/meubleiledelareunion.fr\/wp-content\/uploads\/2025\/01\/IMG-20250106-WA0006.jpg\" alt=\"\" \/><img decoding=\"async\" src=\"https:\/\/meubleiledelareunion.fr\/wp-content\/uploads\/2025\/01\/IMG-20250106-WA0007.jpg\" alt=\"\" \/><img decoding=\"async\" src=\"https:\/\/meubleiledelareunion.fr\/wp-content\/uploads\/2025\/01\/IMG-20250106-WA0008.jpg\" alt=\"\" \/><\/noscript>\n","protected":false},"excerpt":{"rendered":"<p>Tarifs de janvier \u00e0 mai et de septembre \u00e0 d\u00e9cembre :\u00a0400\u20ac\/semaine Tarifs de juin \u00e0 aout :\u00a0380\u20ac\/semaine<\/p>\n","protected":false},"author":1,"featured_media":0,"parent":0,"menu_order":0,"comment_status":"closed","ping_status":"closed","template":"","meta":{"footnotes":""},"class_list":["post-40","page","type-page","status-publish","hentry"],"_links":{"self":[{"href":"https:\/\/meubleiledelareunion.fr\/index.php\/wp-json\/wp\/v2\/pages\/40","targetHints":{"allow":["GET"]}}],"collection":[{"href":"https:\/\/meubleiledelareunion.fr\/index.php\/wp-json\/wp\/v2\/pages"}],"about":[{"href":"https:\/\/meubleiledelareunion.fr\/index.php\/wp-json\/wp\/v2\/types\/page"}],"author":[{"embeddable":true,"href":"https:\/\/meubleiledelareunion.fr\/index.php\/wp-json\/wp\/v2\/users\/1"}],"replies":[{"embeddable":true,"href":"https:\/\/meubleiledelareunion.fr\/index.php\/wp-json\/wp\/v2\/comments?post=40"}],"version-history":[{"count":4,"href":"https:\/\/meubleiledelareunion.fr\/index.php\/wp-json\/wp\/v2\/pages\/40\/revisions"}],"predecessor-version":[{"id":81,"href":"https:\/\/meubleiledelareunion.fr\/index.php\/wp-json\/wp\/v2\/pages\/40\/revisions\/81"}],"wp:attachment":[{"href":"https:\/\/meubleiledelareunion.fr\/index.php\/wp-json\/wp\/v2\/media?parent=40"}],"curies":[{"name":"wp","href":"https:\/\/api.w.org\/{rel}","templated":true}]}}